{"id":16,"date":"2025-10-20T08:24:44","date_gmt":"2025-10-20T08:24:44","guid":{"rendered":"https:\/\/aubenasencommun.fr\/?page_id=16"},"modified":"2026-03-11T14:13:23","modified_gmt":"2026-03-11T14:13:23","slug":"lettre-aux-albenassiens","status":"publish","type":"page","link":"https:\/\/aubenasencommun.fr\/index.php\/lettre-aux-albenassiens\/","title":{"rendered":"Les candidats"},"content":{"rendered":"\n<p>Issus de quatre listes municipales qui se sont pr\u00e9sent\u00e9es \u00e0 vous en 2020 au 1er tour, nous avons fait le choix de travailler ensemble pour notre ville.<br>Engag\u00e9s depuis plus d\u2019un an pour b\u00e2tir un projet commun, nous faisons le choix de mettre l\u2019exp\u00e9rience de nos \u00e9lus, de nos partis et mouvements politiques au service d\u2019une dynamique citoyenne. Socialistes, \u00e9cologistes, communistes, mais surtout femmes et hommes d\u2019horizons diff\u00e9rents, engag\u00e9s dans la ville, nous portons l\u2019alternative pour r\u00e9veiller Aubenas.<\/p>\n\n\n\n<figure class=\"wp-block-image size-large\"><img loading=\"lazy\" decoding=\"async\" width=\"964\" height=\"1024\" src=\"http:\/\/aubenasencommun.fr\/wp-content\/uploads\/2026\/02\/AEC_TROMBINOSCOPE-964x1024.jpg\" alt=\"\" class=\"wp-image-240\" srcset=\"https:\/\/aubenasencommun.fr\/wp-content\/uploads\/2026\/02\/AEC_TROMBINOSCOPE-964x1024.jpg 964w, https:\/\/aubenasencommun.fr\/wp-content\/uploads\/2026\/02\/AEC_TROMBINOSCOPE-282x300.jpg 282w, https:\/\/aubenasencommun.fr\/wp-content\/uploads\/2026\/02\/AEC_TROMBINOSCOPE-768x816.jpg 768w, https:\/\/aubenasencommun.fr\/wp-content\/uploads\/2026\/02\/AEC_TROMBINOSCOPE-1446x1536.jpg 1446w, https:\/\/aubenasencommun.fr\/wp-content\/uploads\/2026\/02\/AEC_TROMBINOSCOPE-1928x2048.jpg 1928w\" sizes=\"auto, (max-width: 767px) 89vw, (max-width: 1000px) 54vw, (max-width: 1071px) 543px, 580px\" \/><\/figure>\n\n\n\n<figure class=\"wp-block-image size-large\"><img loading=\"lazy\" decoding=\"async\" width=\"1024\" height=\"670\" src=\"https:\/\/aubenasencommun.fr\/wp-content\/uploads\/2025\/10\/3B-1-1024x670.jpg\" alt=\"\" class=\"wp-image-27\" srcset=\"https:\/\/aubenasencommun.fr\/wp-content\/uploads\/2025\/10\/3B-1-1024x670.jpg 1024w, https:\/\/aubenasencommun.fr\/wp-content\/uploads\/2025\/10\/3B-1-300x196.jpg 300w, https:\/\/aubenasencommun.fr\/wp-content\/uploads\/2025\/10\/3B-1-768x503.jpg 768w, https:\/\/aubenasencommun.fr\/wp-content\/uploads\/2025\/10\/3B-1-1536x1005.jpg 1536w, https:\/\/aubenasencommun.fr\/wp-content\/uploads\/2025\/10\/3B-1-2048x1341.jpg 2048w, https:\/\/aubenasencommun.fr\/wp-content\/uploads\/2025\/10\/3B-1-458x300.jpg 458w\" sizes=\"auto, (max-width: 767px) 89vw, (max-width: 1000px) 54vw, (max-width: 1071px) 543px, 580px\" \/><\/figure>\n\n\n\n<p><\/p>\n\n\n\n<p><\/p>\n","protected":false},"excerpt":{"rendered":"<p>Issus de quatre listes municipales qui se sont pr\u00e9sent\u00e9es \u00e0 vous en 2020 au 1er tour, nous avons fait le choix de travailler ensemble pour notre ville.Engag\u00e9s depuis plus d\u2019un an pour b\u00e2tir un projet commun, nous faisons le choix de mettre l\u2019exp\u00e9rience de nos \u00e9lus, de nos partis et mouvements politiques au service d\u2019une &hellip; <\/p>\n<p class=\"link-more\"><a href=\"https:\/\/aubenasencommun.fr\/index.php\/lettre-aux-albenassiens\/\" class=\"more-link\">Continuer la lecture<span class=\"screen-reader-text\"> de &laquo;&nbsp;Les candidats&nbsp;&raquo;<\/span><\/a><\/p>\n","protected":false},"author":1,"featured_media":0,"parent":0,"menu_order":0,"comment_status":"closed","ping_status":"closed","template":"","meta":{"footnotes":""},"class_list":["post-16","page","type-page","status-publish","hentry"],"_links":{"self":[{"href":"https:\/\/aubenasencommun.fr\/index.php\/wp-json\/wp\/v2\/pages\/16","targetHints":{"allow":["GET"]}}],"collection":[{"href":"https:\/\/aubenasencommun.fr\/index.php\/wp-json\/wp\/v2\/pages"}],"about":[{"href":"https:\/\/aubenasencommun.fr\/index.php\/wp-json\/wp\/v2\/types\/page"}],"author":[{"embeddable":true,"href":"https:\/\/aubenasencommun.fr\/index.php\/wp-json\/wp\/v2\/users\/1"}],"replies":[{"embeddable":true,"href":"https:\/\/aubenasencommun.fr\/index.php\/wp-json\/wp\/v2\/comments?post=16"}],"version-history":[{"count":15,"href":"https:\/\/aubenasencommun.fr\/index.php\/wp-json\/wp\/v2\/pages\/16\/revisions"}],"predecessor-version":[{"id":293,"href":"https:\/\/aubenasencommun.fr\/index.php\/wp-json\/wp\/v2\/pages\/16\/revisions\/293"}],"wp:attachment":[{"href":"https:\/\/aubenasencommun.fr\/index.php\/wp-json\/wp\/v2\/media?parent=16"}],"curies":[{"name":"wp","href":"https:\/\/api.w.org\/{rel}","templated":true}]}}