{"id":40,"date":"2025-10-20T09:03:04","date_gmt":"2025-10-20T09:03:04","guid":{"rendered":"https:\/\/aubenasencommun.fr\/?page_id=40"},"modified":"2026-03-11T14:26:21","modified_gmt":"2026-03-11T14:26:21","slug":"voter-aux-municipales","status":"publish","type":"page","link":"https:\/\/aubenasencommun.fr\/index.php\/voter-aux-municipales\/","title":{"rendered":"Voter aux municipales"},"content":{"rendered":"\n<p><strong>Procuration <\/strong>: Vous souhaitez voter aux municipales pour la liste Aubenas en commun, mais vous n&rsquo;\u00eates pas disponible et n&rsquo;avez personne pour porter votre procuration ? Nous vous proposons de vous mettre en contact avec des personnes qui pourront le faire. Vous pouvez donner procuration jusqu&rsquo;\u00e0 un jour avant le scrutin : <a href=\"https:\/\/www.maprocuration.gouv.fr\/\">https:\/\/www.maprocuration.gouv.fr\/<\/a><\/p>\n\n\n\n<p>Vous pouvez nous appeler, nous laisser un sms au : 06 77 91 95 68 ou nous envoyer un mail \u00e0 <a href=\"mailto:aubenasencommun@gmail.com\">aubenasencommun@gmail.com<\/a> en pr\u00e9cisant en objet \u00ab\u00a0procuration\u00a0\u00bb.<\/p>\n\n\n\n<p><strong>Les \u00e9lections municipales, comment \u00e7a fonctionne ?<\/strong><\/p>\n\n\n\n<p>Les \u00e9lections municipales de mars 2026 permettent d\u2019\u00e9lire pour six ans le conseil municipal, c\u2019est-\u00e0-dire l\u2019assembl\u00e9e qui d\u00e9cide de la gestion locale. \u00c0 Aubenas, les \u00e9lecteurs votent au scrutin de liste. Cela signifie qu\u2019ils choisissent une liste compl\u00e8te de candidates et de candidats. Chaque liste comporte autant de noms que de si\u00e8ges au conseil, SOIT 33.<\/p>\n\n\n\n<p>L\u2019\u00e9lection se d\u00e9roule en deux tours. Au premier tour, si une liste obtient la majorit\u00e9 absolue des suffrages exprim\u00e9s, elle remporte les \u00e9lections. Si personne n\u2019a fait 50% des voix, un deuxi\u00e8me tour a lieu, une semaine plus tard. Seules les listes ayant d\u00e9pass\u00e9 10% des suffrages peuvent se maintenir. \u00c0 l\u2019issue de ce second vote, la liste arriv\u00e9e en t\u00eate gagne les \u00e9lections.<\/p>\n\n\n\n<p>Les conseill\u00e8res et conseillers municipaux \u00e9lus d\u00e9signent ensuite, lors du premier conseil, le ou la maire et les adjoints. Ces \u00e9lus ont pour mission d\u2019administrer la commune : budget, \u00e9coles, urbanisme, culture, environnement ou encore solidarit\u00e9. Le conseil municipal se r\u00e9unit plusieurs fois par an pour d\u00e9battre et voter les d\u00e9cisions qui concernent directement la vie quotidienne des habitants.<\/p>\n\n\n\n<p>Depuis 2014, les \u00e9lections municipales servent \u00e9galement \u00e0 d\u00e9signer les repr\u00e9sentants d\u2019Aubenas pour si\u00e9ger \u00e0 la Communaut\u00e9 de communes du Bassin d\u2019Aubenas. La CCBA permet de mutualiser certaines comp\u00e9tences. Les premiers candidats de chaque liste municipale, selon les r\u00e9sultats du scrutin, si\u00e8gent donc aussi \u00e0 ce conseil communautaire. Voter aux municipales, c\u2019est ainsi choisir \u00e0 la fois celles et ceux qui feront avancer Aubenas et celles et ceux qui porteront la voix de la ville au sein de son intercommunalit\u00e9.<\/p>\n\n\n\n<figure class=\"wp-block-image size-large\"><img loading=\"lazy\" decoding=\"async\" width=\"722\" height=\"1024\" src=\"http:\/\/aubenasencommun.fr\/wp-content\/uploads\/2026\/03\/AEC_TRACT_VOTE_A-722x1024.jpg\" alt=\"\" class=\"wp-image-258\" srcset=\"https:\/\/aubenasencommun.fr\/wp-content\/uploads\/2026\/03\/AEC_TRACT_VOTE_A-722x1024.jpg 722w, https:\/\/aubenasencommun.fr\/wp-content\/uploads\/2026\/03\/AEC_TRACT_VOTE_A-211x300.jpg 211w, https:\/\/aubenasencommun.fr\/wp-content\/uploads\/2026\/03\/AEC_TRACT_VOTE_A-768x1090.jpg 768w, https:\/\/aubenasencommun.fr\/wp-content\/uploads\/2026\/03\/AEC_TRACT_VOTE_A-1083x1536.jpg 1083w, https:\/\/aubenasencommun.fr\/wp-content\/uploads\/2026\/03\/AEC_TRACT_VOTE_A-1444x2048.jpg 1444w, https:\/\/aubenasencommun.fr\/wp-content\/uploads\/2026\/03\/AEC_TRACT_VOTE_A.jpg 1748w\" sizes=\"auto, (max-width: 722px) 100vw, 722px\" \/><\/figure>\n\n\n\n<figure class=\"wp-block-image size-large\"><img loading=\"lazy\" decoding=\"async\" width=\"722\" height=\"1024\" src=\"https:\/\/aubenasencommun.fr\/wp-content\/uploads\/2026\/03\/AEC_TRACT_VOTE_B-1-722x1024.jpg\" alt=\"\" class=\"wp-image-267\" srcset=\"https:\/\/aubenasencommun.fr\/wp-content\/uploads\/2026\/03\/AEC_TRACT_VOTE_B-1-722x1024.jpg 722w, https:\/\/aubenasencommun.fr\/wp-content\/uploads\/2026\/03\/AEC_TRACT_VOTE_B-1-211x300.jpg 211w, https:\/\/aubenasencommun.fr\/wp-content\/uploads\/2026\/03\/AEC_TRACT_VOTE_B-1-768x1090.jpg 768w, https:\/\/aubenasencommun.fr\/wp-content\/uploads\/2026\/03\/AEC_TRACT_VOTE_B-1-1083x1536.jpg 1083w, https:\/\/aubenasencommun.fr\/wp-content\/uploads\/2026\/03\/AEC_TRACT_VOTE_B-1-1444x2048.jpg 1444w, https:\/\/aubenasencommun.fr\/wp-content\/uploads\/2026\/03\/AEC_TRACT_VOTE_B-1.jpg 1748w\" sizes=\"auto, (max-width: 722px) 100vw, 722px\" \/><\/figure>\n","protected":false},"excerpt":{"rendered":"<p>Procuration : Vous souhaitez voter aux municipales pour la liste Aubenas en commun, mais vous n&rsquo;\u00eates pas disponible et n&rsquo;avez personne pour porter votre procuration ? Nous vous proposons de vous mettre en contact avec des personnes qui pourront le faire. Vous pouvez donner procuration jusqu&rsquo;\u00e0 un jour avant le scrutin : https:\/\/www.maprocuration.gouv.fr\/ Vous pouvez &hellip; <\/p>\n<p class=\"link-more\"><a href=\"https:\/\/aubenasencommun.fr\/index.php\/voter-aux-municipales\/\" class=\"more-link\">Continuer la lecture<span class=\"screen-reader-text\"> de &laquo;&nbsp;Voter aux municipales&nbsp;&raquo;<\/span><\/a><\/p>\n","protected":false},"author":1,"featured_media":0,"parent":0,"menu_order":0,"comment_status":"closed","ping_status":"closed","template":"","meta":{"footnotes":""},"class_list":["post-40","page","type-page","status-publish","hentry"],"_links":{"self":[{"href":"https:\/\/aubenasencommun.fr\/index.php\/wp-json\/wp\/v2\/pages\/40","targetHints":{"allow":["GET"]}}],"collection":[{"href":"https:\/\/aubenasencommun.fr\/index.php\/wp-json\/wp\/v2\/pages"}],"about":[{"href":"https:\/\/aubenasencommun.fr\/index.php\/wp-json\/wp\/v2\/types\/page"}],"author":[{"embeddable":true,"href":"https:\/\/aubenasencommun.fr\/index.php\/wp-json\/wp\/v2\/users\/1"}],"replies":[{"embeddable":true,"href":"https:\/\/aubenasencommun.fr\/index.php\/wp-json\/wp\/v2\/comments?post=40"}],"version-history":[{"count":6,"href":"https:\/\/aubenasencommun.fr\/index.php\/wp-json\/wp\/v2\/pages\/40\/revisions"}],"predecessor-version":[{"id":300,"href":"https:\/\/aubenasencommun.fr\/index.php\/wp-json\/wp\/v2\/pages\/40\/revisions\/300"}],"wp:attachment":[{"href":"https:\/\/aubenasencommun.fr\/index.php\/wp-json\/wp\/v2\/media?parent=40"}],"curies":[{"name":"wp","href":"https:\/\/api.w.org\/{rel}","templated":true}]}}