{"id":51,"date":"2025-11-10T10:11:38","date_gmt":"2025-11-10T10:11:38","guid":{"rendered":"http:\/\/aubenasencommun.fr\/?page_id=51"},"modified":"2026-03-11T13:55:59","modified_gmt":"2026-03-11T13:55:59","slug":"la-tete-de-liste-benoit-perrusset","status":"publish","type":"page","link":"https:\/\/aubenasencommun.fr\/index.php\/la-tete-de-liste-benoit-perrusset\/","title":{"rendered":"Benoit Perrusset"},"content":{"rendered":"\n<figure class=\"wp-block-image size-large\"><img loading=\"lazy\" decoding=\"async\" width=\"683\" height=\"1024\" src=\"http:\/\/aubenasencommun.fr\/wp-content\/uploads\/2026\/03\/CharleneBoiriePhotographe--683x1024.jpg\" alt=\"\" class=\"wp-image-285\" srcset=\"https:\/\/aubenasencommun.fr\/wp-content\/uploads\/2026\/03\/CharleneBoiriePhotographe--683x1024.jpg 683w, https:\/\/aubenasencommun.fr\/wp-content\/uploads\/2026\/03\/CharleneBoiriePhotographe--200x300.jpg 200w, https:\/\/aubenasencommun.fr\/wp-content\/uploads\/2026\/03\/CharleneBoiriePhotographe--768x1152.jpg 768w, https:\/\/aubenasencommun.fr\/wp-content\/uploads\/2026\/03\/CharleneBoiriePhotographe--1024x1536.jpg 1024w, https:\/\/aubenasencommun.fr\/wp-content\/uploads\/2026\/03\/CharleneBoiriePhotographe--scaled.jpg 1707w\" sizes=\"auto, (max-width: 683px) 100vw, 683px\" \/><\/figure>\n\n\n\n<blockquote class=\"wp-block-quote is-layout-flow wp-block-quote-is-layout-flow\">\n<p>\u00ab\u00a0Je suis Benoit Perrusset, et j\u2019ai l\u2019honneur de conduire la liste \u00ab Aubenas en Commun \u00bb pour les \u00e9lections municipales de mars 2026. \u00c0 53 ans, je vis \u00e0 Lazuel \u00e0 Aubenas, ville \u00e0 laquelle je suis profond\u00e9ment attach\u00e9.<br><br>Mari\u00e9 et p\u00e8re de deux filles de 22 et 25 ans, je sais \u00e0 quel point il est important de pr\u00e9parer un avenir o\u00f9 chaque g\u00e9n\u00e9ration puisse s\u2019\u00e9panouir. Mon engagement pour Aubenas et ses habitants s\u2019inscrit dans cette vision : une ville solidaire, dynamique et tourn\u00e9e vers l\u2019avenir.<\/p>\n\n\n\n<p><strong>Mon parcours au service du territoire<\/strong><br><br>Depuis 2014, je suis conseiller municipal, o\u00f9 je si\u00e8ge notamment \u00e0 la commission des sports et \u00e0 la commission des affaires scolaires. J\u2019ai \u00e9galement la chance d\u2019accompagner les jeunes en tant que membre du conseil municipal des enfants, une exp\u00e9rience qui m\u2019a rappel\u00e9 l\u2019importance d\u2019\u00e9couter et d\u2019agir pour toutes les g\u00e9n\u00e9rations.<\/p>\n\n\n\n<p>En parall\u00e8le, je suis conseiller communautaire \u00e0 la Communaut\u00e9 de Communes du Bassin d\u2019Aubenas (CCBA), o\u00f9 je repr\u00e9sente notre commune sur des enjeux concrets, \u00e0 ce titre je suis d\u00e9l\u00e9gu\u00e9 au SEMVA (gestion de la piscine L\u2019Hippocampe) et au SIDOMSA (gestion des d\u00e9chets m\u00e9nagers). Ces missions permettent de mieux comprendre les d\u00e9fis de notre quotidien et de travailler \u00e0 des solutions pragmatiques.<\/p>\n\n\n\n<p>Professionnellement, je suis cadre territorial dans une collectivit\u00e9 du Sud Ard\u00e8che. Ce m\u00e9tier, agir au c\u0153ur de l\u2019action publique, renforce ma conviction que le dialogue et la coop\u00e9ration sont essentiels pour faire avancer les projets.<\/p>\n\n\n\n<p>Je m\u2019investis dans plusieurs associations locales. Pour moi, le sport est bien plus qu\u2019une activit\u00e9 : c\u2019est un vecteur de lien social, de sant\u00e9 et de valeurs partag\u00e9es.<\/p>\n\n\n\n<p>Je suis t\u00eate de liste parce que je crois en une ville o\u00f9 chacun a sa place, o\u00f9 les d\u00e9cisions se prennent avec transparence et o\u00f9 l\u2019int\u00e9r\u00eat g\u00e9n\u00e9ral prime. <\/p>\n\n\n\n<p>Mon \u00e9quipe et moi souhaitons porter une vision ambitieuse, r\u00e9aliste et humaine pour Aubenas : une ville o\u00f9 il fait bon vivre, travailler et se projeter.\u00a0\u00bb<\/p>\n\n\n\n<p>Photo : Charl\u00e8ne Boirie<\/p>\n<\/blockquote>\n\n\n\n<p><\/p>\n","protected":false},"excerpt":{"rendered":"<p>\u00ab\u00a0Je suis Benoit Perrusset, et j\u2019ai l\u2019honneur de conduire la liste \u00ab Aubenas en Commun \u00bb pour les \u00e9lections municipales de mars 2026. \u00c0 53 ans, je vis \u00e0 Lazuel \u00e0 Aubenas, ville \u00e0 laquelle je suis profond\u00e9ment attach\u00e9. Mari\u00e9 et p\u00e8re de deux filles de 22 et 25 ans, je sais \u00e0 quel point &hellip; <\/p>\n<p class=\"link-more\"><a href=\"https:\/\/aubenasencommun.fr\/index.php\/la-tete-de-liste-benoit-perrusset\/\" class=\"more-link\">Continuer la lecture<span class=\"screen-reader-text\"> de &laquo;&nbsp;Benoit Perrusset&nbsp;&raquo;<\/span><\/a><\/p>\n","protected":false},"author":1,"featured_media":0,"parent":0,"menu_order":0,"comment_status":"closed","ping_status":"closed","template":"","meta":{"footnotes":""},"class_list":["post-51","page","type-page","status-publish","hentry"],"_links":{"self":[{"href":"https:\/\/aubenasencommun.fr\/index.php\/wp-json\/wp\/v2\/pages\/51","targetHints":{"allow":["GET"]}}],"collection":[{"href":"https:\/\/aubenasencommun.fr\/index.php\/wp-json\/wp\/v2\/pages"}],"about":[{"href":"https:\/\/aubenasencommun.fr\/index.php\/wp-json\/wp\/v2\/types\/page"}],"author":[{"embeddable":true,"href":"https:\/\/aubenasencommun.fr\/index.php\/wp-json\/wp\/v2\/users\/1"}],"replies":[{"embeddable":true,"href":"https:\/\/aubenasencommun.fr\/index.php\/wp-json\/wp\/v2\/comments?post=51"}],"version-history":[{"count":14,"href":"https:\/\/aubenasencommun.fr\/index.php\/wp-json\/wp\/v2\/pages\/51\/revisions"}],"predecessor-version":[{"id":287,"href":"https:\/\/aubenasencommun.fr\/index.php\/wp-json\/wp\/v2\/pages\/51\/revisions\/287"}],"wp:attachment":[{"href":"https:\/\/aubenasencommun.fr\/index.php\/wp-json\/wp\/v2\/media?parent=51"}],"curies":[{"name":"wp","href":"https:\/\/api.w.org\/{rel}","templated":true}]}}