{"id":74,"date":"2026-01-17T17:47:08","date_gmt":"2026-01-17T17:47:08","guid":{"rendered":"http:\/\/aubenasencommun.fr\/?page_id=74"},"modified":"2026-03-11T13:57:20","modified_gmt":"2026-03-11T13:57:20","slug":"le-programme","status":"publish","type":"page","link":"https:\/\/aubenasencommun.fr\/index.php\/le-programme\/","title":{"rendered":"Le programme"},"content":{"rendered":"\n<p>Retrouvez ci-dessous, notre programme complet, nos <a href=\"https:\/\/aubenasencommun.fr\/wp-content\/uploads\/2026\/01\/AEC_Programme-VDEF3.pdf\">220 propositions pour la ville<\/a>  :<\/p>\n\n\n<div class=\"wp-block-image\">\n<figure class=\"aligncenter size-full\"><a href=\"https:\/\/aubenasencommun.fr\/wp-content\/uploads\/2026\/01\/AEC_Programme-VDEF3.pdf\" target=\"_blank\" rel=\"https:\/\/aubenasencommun.fr\/wp-content\/uploads\/2026\/01\/AEC_Programme-VDEF3.pdf noreferrer noopener\"><img loading=\"lazy\" decoding=\"async\" width=\"502\" height=\"708\" src=\"https:\/\/aubenasencommun.fr\/wp-content\/uploads\/2026\/02\/leprogramme.jpg\" alt=\"\" class=\"wp-image-207\" srcset=\"https:\/\/aubenasencommun.fr\/wp-content\/uploads\/2026\/02\/leprogramme.jpg 502w, https:\/\/aubenasencommun.fr\/wp-content\/uploads\/2026\/02\/leprogramme-213x300.jpg 213w\" sizes=\"auto, (max-width: 502px) 100vw, 502px\" \/><\/a><\/figure>\n<\/div>\n\n\n<p><br><img loading=\"lazy\" decoding=\"async\" height=\"16\" width=\"16\" src=\"https:\/\/static.xx.fbcdn.net\/images\/emoji.php\/v9\/t5c\/1\/16\/1f5d3.png\" alt=\"\ud83d\uddd3\"> 3 mois de travail pour que chaque proposition soit la plus juste possible.<\/p>\n\n\n\n<p><img loading=\"lazy\" decoding=\"async\" height=\"16\" width=\"16\" alt=\"\ud83d\udcd1\" src=\"https:\/\/static.xx.fbcdn.net\/images\/emoji.php\/v9\/t19\/1\/16\/1f4d1.png\"> 80 contributrices et contributeurs, individuels et collectifs&#8230; dans plus de 20 ateliers et 5 diagnostics en marchant.<\/p>\n\n\n\n<p><img loading=\"lazy\" decoding=\"async\" height=\"16\" width=\"16\" alt=\"\ud83e\udd1d\" src=\"https:\/\/static.xx.fbcdn.net\/images\/emoji.php\/v9\/t64\/1\/16\/1f91d.png\"> Plus de 300 \u00e9changes directs avec les albenassiens, au local de campagne, en r\u00e9unions publiques, en porte-\u00e0-porte<\/p>\n\n\n\n<p><img loading=\"lazy\" decoding=\"async\" height=\"16\" width=\"16\" src=\"https:\/\/static.xx.fbcdn.net\/images\/emoji.php\/v9\/taa\/1\/16\/1f4ca.png\" alt=\"\ud83d\udcca\"> Une \u00e9valuation financi\u00e8re du programme pour mesurer les marges de man\u0153uvre budg\u00e9taire de notre commune<\/p>\n\n\n\n<p><img loading=\"lazy\" decoding=\"async\" height=\"16\" width=\"16\" src=\"https:\/\/static.xx.fbcdn.net\/images\/emoji.php\/v9\/t9e\/1\/16\/27a1.png\" alt=\"\u27a1\ufe0f\"> Et une quarantaine d&rsquo;organisations et associations \u00e0 qui nous avons pr\u00e9sent\u00e9 nos premi\u00e8res mesures<\/p>\n\n\n\n<figure class=\"wp-block-video\"><video height=\"1080\" style=\"aspect-ratio: 1920 \/ 1080;\" width=\"1920\" controls src=\"http:\/\/aubenasencommun.fr\/wp-content\/uploads\/2026\/02\/Video-programme-V31.mp4\"><\/video><\/figure>\n\n\n\n<hr class=\"wp-block-separator has-alpha-channel-opacity\"\/>\n\n\n\n<p><strong>Les carnets de campagne en vid\u00e9o<\/strong> : Les candidats de la liste Aubenas en commun d\u00e9taillent des propositions qui ont succit\u00e9 des questions lors de nos rencontres avec les habitants. <br><\/p>\n\n\n\n<figure class=\"wp-block-video\"><video height=\"1080\" style=\"aspect-ratio: 1920 \/ 1080;\" width=\"1920\" controls src=\"https:\/\/aubenasencommun.fr\/wp-content\/uploads\/2026\/03\/1-Fonciere.mp4\"><\/video><\/figure>\n\n\n\n<p><\/p>\n\n\n\n<figure class=\"wp-block-video\"><video height=\"1080\" style=\"aspect-ratio: 1920 \/ 1080;\" width=\"1920\" controls src=\"https:\/\/aubenasencommun.fr\/wp-content\/uploads\/2026\/03\/2-Enfants.mp4\"><\/video><\/figure>\n\n\n\n<p><\/p>\n\n\n\n<figure class=\"wp-block-video\"><video height=\"1080\" style=\"aspect-ratio: 1920 \/ 1080;\" width=\"1920\" controls src=\"https:\/\/aubenasencommun.fr\/wp-content\/uploads\/2026\/03\/3-Commerce.mp4\"><\/video><\/figure>\n\n\n\n<p><\/p>\n\n\n\n<figure class=\"wp-block-video\"><video height=\"1080\" style=\"aspect-ratio: 1920 \/ 1080;\" width=\"1920\" controls src=\"https:\/\/aubenasencommun.fr\/wp-content\/uploads\/2026\/03\/4-Ilots-de-fraicheur-.mp4\"><\/video><\/figure>\n\n\n\n<p>Retrouvez les autres num\u00e9ros des carnets de campagne d&rsquo;Aubenas en commun  sur facebook : <a href=\"https:\/\/www.facebook.com\/AubenasEnCommun\">https:\/\/www.facebook.com\/AubenasEnCommun<\/a><\/p>\n\n\n\n<p><\/p>\n\n\n\n<p><strong>Ci-dessous, nos 15 propositions phares pour mieux vivre \u00e0 Aubenas <\/strong>dans le journal du projet # 1 distribu\u00e9 sur le march\u00e9, au porte-\u00e0-porte et dans vos bo\u00eetes aux lettres :<\/p>\n\n\n\n<figure class=\"wp-block-image size-large\"><img loading=\"lazy\" decoding=\"async\" width=\"722\" height=\"1024\" src=\"http:\/\/aubenasencommun.fr\/wp-content\/uploads\/2026\/01\/image-7-722x1024.png\" alt=\"\" class=\"wp-image-91\" srcset=\"https:\/\/aubenasencommun.fr\/wp-content\/uploads\/2026\/01\/image-7-722x1024.png 722w, https:\/\/aubenasencommun.fr\/wp-content\/uploads\/2026\/01\/image-7-211x300.png 211w, https:\/\/aubenasencommun.fr\/wp-content\/uploads\/2026\/01\/image-7-768x1090.png 768w, https:\/\/aubenasencommun.fr\/wp-content\/uploads\/2026\/01\/image-7.png 874w\" sizes=\"auto, (max-width: 722px) 100vw, 722px\" \/><\/figure>\n\n\n\n<figure class=\"wp-block-image size-large\"><img loading=\"lazy\" decoding=\"async\" width=\"722\" height=\"1024\" src=\"http:\/\/aubenasencommun.fr\/wp-content\/uploads\/2026\/01\/image-4-722x1024.png\" alt=\"\" class=\"wp-image-79\" srcset=\"https:\/\/aubenasencommun.fr\/wp-content\/uploads\/2026\/01\/image-4-722x1024.png 722w, https:\/\/aubenasencommun.fr\/wp-content\/uploads\/2026\/01\/image-4-211x300.png 211w, https:\/\/aubenasencommun.fr\/wp-content\/uploads\/2026\/01\/image-4-768x1090.png 768w, https:\/\/aubenasencommun.fr\/wp-content\/uploads\/2026\/01\/image-4.png 874w\" sizes=\"auto, (max-width: 722px) 100vw, 722px\" \/><\/figure>\n\n\n\n<figure class=\"wp-block-image size-large\"><img loading=\"lazy\" decoding=\"async\" width=\"722\" height=\"1024\" src=\"http:\/\/aubenasencommun.fr\/wp-content\/uploads\/2026\/01\/image-3-722x1024.png\" alt=\"\" class=\"wp-image-78\" srcset=\"https:\/\/aubenasencommun.fr\/wp-content\/uploads\/2026\/01\/image-3-722x1024.png 722w, https:\/\/aubenasencommun.fr\/wp-content\/uploads\/2026\/01\/image-3-211x300.png 211w, https:\/\/aubenasencommun.fr\/wp-content\/uploads\/2026\/01\/image-3-768x1090.png 768w, https:\/\/aubenasencommun.fr\/wp-content\/uploads\/2026\/01\/image-3.png 874w\" sizes=\"auto, (max-width: 722px) 100vw, 722px\" \/><\/figure>\n\n\n\n<figure class=\"wp-block-image size-large\"><img loading=\"lazy\" decoding=\"async\" width=\"722\" height=\"1024\" src=\"http:\/\/aubenasencommun.fr\/wp-content\/uploads\/2026\/01\/image-12-722x1024.png\" alt=\"\" class=\"wp-image-96\" srcset=\"https:\/\/aubenasencommun.fr\/wp-content\/uploads\/2026\/01\/image-12-722x1024.png 722w, https:\/\/aubenasencommun.fr\/wp-content\/uploads\/2026\/01\/image-12-211x300.png 211w, https:\/\/aubenasencommun.fr\/wp-content\/uploads\/2026\/01\/image-12-768x1090.png 768w, https:\/\/aubenasencommun.fr\/wp-content\/uploads\/2026\/01\/image-12.png 874w\" sizes=\"auto, (max-width: 722px) 100vw, 722px\" \/><\/figure>\n\n\n\n<p><\/p>\n\n\n\n<p><strong>Le journal du projet # 2<\/strong> qui d\u00e9taille nos propositions sur la transformation de la ville<\/p>\n\n\n\n<figure class=\"wp-block-image size-large\"><img loading=\"lazy\" decoding=\"async\" width=\"1024\" height=\"724\" src=\"http:\/\/aubenasencommun.fr\/wp-content\/uploads\/2026\/02\/2026_AEC_JOURNAL_2_PROPOSITIONS_TERRITOIRE-1024x724.jpg\" alt=\"\" class=\"wp-image-239\" srcset=\"https:\/\/aubenasencommun.fr\/wp-content\/uploads\/2026\/02\/2026_AEC_JOURNAL_2_PROPOSITIONS_TERRITOIRE-1024x724.jpg 1024w, https:\/\/aubenasencommun.fr\/wp-content\/uploads\/2026\/02\/2026_AEC_JOURNAL_2_PROPOSITIONS_TERRITOIRE-300x212.jpg 300w, https:\/\/aubenasencommun.fr\/wp-content\/uploads\/2026\/02\/2026_AEC_JOURNAL_2_PROPOSITIONS_TERRITOIRE-768x543.jpg 768w, https:\/\/aubenasencommun.fr\/wp-content\/uploads\/2026\/02\/2026_AEC_JOURNAL_2_PROPOSITIONS_TERRITOIRE-1536x1086.jpg 1536w, https:\/\/aubenasencommun.fr\/wp-content\/uploads\/2026\/02\/2026_AEC_JOURNAL_2_PROPOSITIONS_TERRITOIRE-2048x1448.jpg 2048w\" sizes=\"auto, (max-width: 767px) 89vw, (max-width: 1000px) 54vw, (max-width: 1071px) 543px, 580px\" \/><\/figure>\n\n\n\n<figure class=\"wp-block-image size-large\"><img loading=\"lazy\" decoding=\"async\" width=\"1024\" height=\"724\" src=\"http:\/\/aubenasencommun.fr\/wp-content\/uploads\/2026\/02\/2026_AEC_JOURNAL_2_PROPOSITIONS_CENTRE-VILLE-1024x724.jpg\" alt=\"\" class=\"wp-image-238\" srcset=\"https:\/\/aubenasencommun.fr\/wp-content\/uploads\/2026\/02\/2026_AEC_JOURNAL_2_PROPOSITIONS_CENTRE-VILLE-1024x724.jpg 1024w, https:\/\/aubenasencommun.fr\/wp-content\/uploads\/2026\/02\/2026_AEC_JOURNAL_2_PROPOSITIONS_CENTRE-VILLE-300x212.jpg 300w, https:\/\/aubenasencommun.fr\/wp-content\/uploads\/2026\/02\/2026_AEC_JOURNAL_2_PROPOSITIONS_CENTRE-VILLE-768x543.jpg 768w, https:\/\/aubenasencommun.fr\/wp-content\/uploads\/2026\/02\/2026_AEC_JOURNAL_2_PROPOSITIONS_CENTRE-VILLE-1536x1086.jpg 1536w, https:\/\/aubenasencommun.fr\/wp-content\/uploads\/2026\/02\/2026_AEC_JOURNAL_2_PROPOSITIONS_CENTRE-VILLE-2048x1448.jpg 2048w\" sizes=\"auto, (max-width: 767px) 89vw, (max-width: 1000px) 54vw, (max-width: 1071px) 543px, 580px\" \/><\/figure>\n\n\n\n<p><\/p>\n","protected":false},"excerpt":{"rendered":"<p>Retrouvez ci-dessous, notre programme complet, nos 220 propositions pour la ville : 3 mois de travail pour que chaque proposition soit la plus juste possible. 80 contributrices et contributeurs, individuels et collectifs&#8230; dans plus de 20 ateliers et 5 diagnostics en marchant. Plus de 300 \u00e9changes directs avec les albenassiens, au local de campagne, en &hellip; <\/p>\n<p class=\"link-more\"><a href=\"https:\/\/aubenasencommun.fr\/index.php\/le-programme\/\" class=\"more-link\">Continuer la lecture<span class=\"screen-reader-text\"> de &laquo;&nbsp;Le programme&nbsp;&raquo;<\/span><\/a><\/p>\n","protected":false},"author":1,"featured_media":0,"parent":0,"menu_order":0,"comment_status":"closed","ping_status":"closed","template":"","meta":{"footnotes":""},"class_list":["post-74","page","type-page","status-publish","hentry"],"_links":{"self":[{"href":"https:\/\/aubenasencommun.fr\/index.php\/wp-json\/wp\/v2\/pages\/74","targetHints":{"allow":["GET"]}}],"collection":[{"href":"https:\/\/aubenasencommun.fr\/index.php\/wp-json\/wp\/v2\/pages"}],"about":[{"href":"https:\/\/aubenasencommun.fr\/index.php\/wp-json\/wp\/v2\/types\/page"}],"author":[{"embeddable":true,"href":"https:\/\/aubenasencommun.fr\/index.php\/wp-json\/wp\/v2\/users\/1"}],"replies":[{"embeddable":true,"href":"https:\/\/aubenasencommun.fr\/index.php\/wp-json\/wp\/v2\/comments?post=74"}],"version-history":[{"count":21,"href":"https:\/\/aubenasencommun.fr\/index.php\/wp-json\/wp\/v2\/pages\/74\/revisions"}],"predecessor-version":[{"id":288,"href":"https:\/\/aubenasencommun.fr\/index.php\/wp-json\/wp\/v2\/pages\/74\/revisions\/288"}],"wp:attachment":[{"href":"https:\/\/aubenasencommun.fr\/index.php\/wp-json\/wp\/v2\/media?parent=74"}],"curies":[{"name":"wp","href":"https:\/\/api.w.org\/{rel}","templated":true}]}}